{"id":127,"date":"2017-03-10T09:19:39","date_gmt":"2017-03-10T08:19:39","guid":{"rendered":"https:\/\/service.conbrio.de\/service\/?page_id=127"},"modified":"2024-07-05T11:05:00","modified_gmt":"2024-07-05T09:05:00","slug":"rezensionsexemplar","status":"publish","type":"page","link":"https:\/\/service.conbrio.de\/service\/rezensionsexemplar\/","title":{"rendered":"Rezensionsexemplar anfordern"},"content":{"rendered":"<p>Medienvertretern bieten wir die M\u00f6glichkeit kostenlose Rezensionsexemplare zu Pressezwecken bei uns anzufordern. Bitte f\u00fcllen Sie dazu das nachstehende Online-Formular aus. Haben Sie bitte Verst\u00e4ndnis daf\u00fcr, dass wir nicht immer alle erbetenen B\u00fccher zur Verf\u00fcgung stellen k\u00f6nnen, da unser Pressekontingent begrenzt ist.<\/p>\n<div class=\"wpforms-container wpforms-container-full\" id=\"wpforms-3872\"><form id=\"wpforms-form-3872\" class=\"wpforms-validate wpforms-form\" data-formid=\"3872\" method=\"post\" enctype=\"multipart\/form-data\" action=\"\/service\/wp-json\/wp\/v2\/pages\/127\" data-token=\"f458f6ee7819c450b352d4a3c71ef518\" data-token-time=\"1776224578\"><div class=\"wpforms-head-container\"><div class=\"wpforms-title\">ConBrio - Rezensionsexemplar bestellen<\/div><\/div><noscript class=\"wpforms-error-noscript\">Bitte aktiviere JavaScript in deinem Browser, um dieses Formular fertigzustellen.<\/noscript><div class=\"wpforms-field-container\"><div class=\"wpforms-page wpforms-page-1 \" data-page=\"1\"><div id=\"wpforms-3872-field_21-container\" class=\"wpforms-field wpforms-field-pagebreak\" data-field-id=\"21\"><\/div><div id=\"wpforms-3872-field_1-container\" class=\"wpforms-field wpforms-field-text\" data-field-id=\"1\"><label class=\"wpforms-field-label\" for=\"wpforms-3872-field_1\">Titel und\/oder Autorname und\/oder ISBN und\/oder CB-Nummer <span class=\"wpforms-required-label\">*<\/span><\/label><input type=\"text\" id=\"wpforms-3872-field_1\" class=\"wpforms-field-large wpforms-field-required\" name=\"wpforms[fields][1]\" required><\/div><div id=\"wpforms-3872-field_4-container\" class=\"wpforms-field wpforms-field-text\" data-field-id=\"4\"><label class=\"wpforms-field-label\" for=\"wpforms-3872-field_4\">Redaktion <span class=\"wpforms-required-label\">*<\/span><\/label><input type=\"text\" id=\"wpforms-3872-field_4\" class=\"wpforms-field-large wpforms-field-required\" name=\"wpforms[fields][4]\" required><\/div><div id=\"wpforms-3872-field_19-container\" class=\"wpforms-field wpforms-field-name\" data-field-id=\"19\"><label class=\"wpforms-field-label\">Name <span class=\"wpforms-required-label\">*<\/span><\/label><div class=\"wpforms-field-row wpforms-field-large\"><div class=\"wpforms-field-row-block wpforms-first wpforms-one-half\"><input type=\"text\" id=\"wpforms-3872-field_19\" class=\"wpforms-field-name-first wpforms-field-required\" name=\"wpforms[fields][19][first]\" required><label for=\"wpforms-3872-field_19\" class=\"wpforms-field-sublabel after\">Vorname<\/label><\/div><div class=\"wpforms-field-row-block wpforms-one-half\"><input type=\"text\" id=\"wpforms-3872-field_19-last\" class=\"wpforms-field-name-last wpforms-field-required\" name=\"wpforms[fields][19][last]\" required><label for=\"wpforms-3872-field_19-last\" class=\"wpforms-field-sublabel after\">Nachname<\/label><\/div><\/div><\/div><div id=\"wpforms-3872-field_18-container\" class=\"wpforms-field wpforms-field-address\" data-field-id=\"18\"><label class=\"wpforms-field-label\">Anschrift <span class=\"wpforms-required-label\">*<\/span><\/label><div class=\"wpforms-field-row wpforms-field-large\"><div ><input type=\"text\" id=\"wpforms-3872-field_18\" class=\"wpforms-field-address-address1 wpforms-field-required\" name=\"wpforms[fields][18][address1]\" required><label for=\"wpforms-3872-field_18\" class=\"wpforms-field-sublabel after\">Adresse Zeile 1<\/label><\/div><\/div><div class=\"wpforms-field-row wpforms-field-large\"><div ><input type=\"text\" id=\"wpforms-3872-field_18-address2\" class=\"wpforms-field-address-address2\" name=\"wpforms[fields][18][address2]\" ><label for=\"wpforms-3872-field_18-address2\" class=\"wpforms-field-sublabel after\">Anschrift Zusatz<\/label><\/div><\/div><div class=\"wpforms-field-row wpforms-field-large\"><div class=\"wpforms-field-row-block wpforms-one-half wpforms-first\"><input type=\"text\" id=\"wpforms-3872-field_18-city\" class=\"wpforms-field-address-city wpforms-field-required\" name=\"wpforms[fields][18][city]\" required><label for=\"wpforms-3872-field_18-city\" class=\"wpforms-field-sublabel after\">Stadt<\/label><\/div><div class=\"wpforms-field-row-block wpforms-one-half\"><input type=\"text\" id=\"wpforms-3872-field_18-state\" class=\"wpforms-field-address-state wpforms-field-required\" name=\"wpforms[fields][18][state]\" value=\"Bundesland \/ Region\" required><label for=\"wpforms-3872-field_18-state\" class=\"wpforms-field-sublabel after\">Region<\/label><\/div><\/div><div class=\"wpforms-field-row wpforms-field-large\"><div class=\"wpforms-field-row-block wpforms-one-half wpforms-first\"><input type=\"text\" id=\"wpforms-3872-field_18-postal\" class=\"wpforms-field-address-postal wpforms-field-required\" name=\"wpforms[fields][18][postal]\" required><label for=\"wpforms-3872-field_18-postal\" class=\"wpforms-field-sublabel after\">Postleitzahl<\/label><\/div><div class=\"wpforms-field-row-block wpforms-one-half\"><select id=\"wpforms-3872-field_18-country\" class=\"wpforms-field-address-country wpforms-field-required\" name=\"wpforms[fields][18][country]\" required><option class=\"placeholder\" value=\"\" selected disabled>--- W\u00e4hle country ---<\/option><option value=\"AF\" >Afghanistan<\/option><option value=\"AL\" >Albanien<\/option><option value=\"DZ\" >Algerien<\/option><option value=\"AS\" >Amerikanisch-Samoa<\/option><option value=\"VI\" >Amerikanische Jungferninseln<\/option><option value=\"AD\" >Andorra<\/option><option value=\"AO\" >Angola<\/option><option value=\"AI\" >Anguilla<\/option><option value=\"AQ\" >Antarktika<\/option><option value=\"AG\" >Antigua und Barbuda<\/option><option value=\"AR\" >Argentinien<\/option><option value=\"AM\" >Armenien<\/option><option value=\"AW\" >Aruba<\/option><option value=\"AZ\" >Aserbaidschan<\/option><option value=\"AU\" >Australien<\/option><option value=\"BS\" >Bahamas<\/option><option value=\"BH\" >Bahrain<\/option><option value=\"BD\" >Bangladesch<\/option><option value=\"BB\" >Barbados<\/option><option value=\"BY\" >Belarus<\/option><option value=\"BE\" >Belgien<\/option><option value=\"BZ\" >Belize<\/option><option value=\"BJ\" >Benin<\/option><option value=\"BM\" >Bermuda<\/option><option value=\"BT\" >Bhutan<\/option><option value=\"BO\" >Bolivien (Plurinationaler Staat)<\/option><option value=\"BQ\" >Bonaire, Sint Eustatius und Saba<\/option><option value=\"BA\" >Bosnien und Herzegowina<\/option><option value=\"BW\" >Botswana<\/option><option value=\"BV\" >Bouvetinsel<\/option><option value=\"BR\" >Brasilien<\/option><option value=\"VG\" >Britische Jungferninseln<\/option><option value=\"IO\" >Britisches Territorium im Indischen Ozean<\/option><option value=\"BN\" >Brunei Darussalam<\/option><option value=\"BG\" >Bulgarien<\/option><option value=\"BF\" >Burkina Faso<\/option><option value=\"BI\" >Burundi<\/option><option value=\"CV\" >Cabo Verde<\/option><option value=\"CL\" >Chile<\/option><option value=\"CN\" >China<\/option><option value=\"CK\" >Cookinseln<\/option><option value=\"CR\" >Costa Rica<\/option><option value=\"CW\" >Cura\u00e7ao<\/option><option value=\"DE\" >Deutschland<\/option><option value=\"DM\" >Dominica<\/option><option value=\"DO\" >Dominikanische Republik<\/option><option value=\"DJ\" >Dschibuti<\/option><option value=\"DK\" >D\u00e4nemark<\/option><option value=\"EC\" >Ecuador<\/option><option value=\"SV\" >El Salvador<\/option><option value=\"CI\" >Elfenbeink\u00fcste<\/option><option value=\"ER\" >Eritrea<\/option><option value=\"EE\" >Estland<\/option><option value=\"SZ\" >Eswatini (K\u00f6nigreich)<\/option><option value=\"FK\" >Falklandinseln (Malwinen)<\/option><option value=\"FJ\" >Fidschi<\/option><option value=\"FI\" >Finnland<\/option><option value=\"FR\" >Frankreich<\/option><option value=\"GF\" >Franz\u00f6sisch-Guayana<\/option><option value=\"PF\" >Franz\u00f6sisch-Polynesien<\/option><option value=\"TF\" >Franz\u00f6sische S\u00fcd- und Antarktisgebiete<\/option><option value=\"FO\" >F\u00e4r\u00f6er<\/option><option value=\"GA\" >Gabun<\/option><option value=\"GM\" >Gambia<\/option><option value=\"GE\" >Georgia<\/option><option value=\"GH\" >Ghana<\/option><option value=\"GI\" >Gibraltar<\/option><option value=\"GD\" >Grenada<\/option><option value=\"GR\" >Griechenland<\/option><option value=\"GL\" >Gr\u00f6nland<\/option><option value=\"GP\" >Guadeloupe<\/option><option value=\"GU\" >Guam<\/option><option value=\"GT\" >Guatemala<\/option><option value=\"GG\" >Guernsey<\/option><option value=\"GN\" >Guinea<\/option><option value=\"GW\" >Guinea-Bissau<\/option><option value=\"GY\" >Guyana<\/option><option value=\"HT\" >Haiti<\/option><option value=\"HM\" >Heard- und McDonald-Inseln<\/option><option value=\"HN\" >Honduras<\/option><option value=\"HK\" >Hongkong<\/option><option value=\"IN\" >Indien<\/option><option value=\"ID\" >Indonesien<\/option><option value=\"IQ\" >Irak<\/option><option value=\"IR\" >Iran (Islamische Republik)<\/option><option value=\"IE\" >Irland<\/option><option value=\"IS\" >Island<\/option><option value=\"IM\" >Isle of Man<\/option><option value=\"IL\" >Israel<\/option><option value=\"IT\" >Italien<\/option><option value=\"JM\" >Jamaika<\/option><option value=\"JP\" >Japan<\/option><option value=\"YE\" >Jemen<\/option><option value=\"JE\" >Jersey<\/option><option value=\"JO\" >Jordanien<\/option><option value=\"KY\" >Kaimaninseln<\/option><option value=\"KH\" >Kambodscha<\/option><option value=\"CM\" >Kamerun<\/option><option value=\"CA\" >Kanada<\/option><option value=\"KZ\" >Kasachstan<\/option><option value=\"QA\" >Katar<\/option><option value=\"KE\" >Kenia<\/option><option value=\"KG\" >Kirgistan<\/option><option value=\"KI\" >Kiribati<\/option><option value=\"CC\" >Kokosinseln (Keelinginseln)<\/option><option value=\"CO\" >Kolumbien<\/option><option value=\"KM\" >Komoren<\/option><option value=\"CD\" >Kongo (Demokratische Republik)<\/option><option value=\"CG\" >Kongo (Republik)<\/option><option value=\"KP\" >Korea (Demokratische Volksrepublik)<\/option><option value=\"KR\" >Korea (Republik)<\/option><option value=\"XK\" >Kosovo<\/option><option value=\"HR\" >Kroatien<\/option><option value=\"CU\" >Kuba<\/option><option value=\"KW\" >Kuwait<\/option><option value=\"LA\" >Laos (Demokratische Volksrepublik)<\/option><option value=\"LS\" >Lesotho<\/option><option value=\"LV\" >Lettland<\/option><option value=\"LB\" >Libanon<\/option><option value=\"LR\" >Liberia<\/option><option value=\"LY\" >Libyen<\/option><option value=\"LI\" >Liechtenstein<\/option><option value=\"LT\" >Litauen<\/option><option value=\"LU\" >Luxemburg<\/option><option value=\"MO\" >Macau<\/option><option value=\"MG\" >Madagaskar<\/option><option value=\"MW\" >Malawi<\/option><option value=\"MY\" >Malaysia<\/option><option value=\"MV\" >Malediven<\/option><option value=\"ML\" >Mali<\/option><option value=\"MT\" >Malta<\/option><option value=\"MA\" >Marokko<\/option><option value=\"MH\" >Marshallinseln<\/option><option value=\"MQ\" >Martinique<\/option><option value=\"MR\" >Mauretanien<\/option><option value=\"MU\" >Mauritius<\/option><option value=\"YT\" >Mayotte<\/option><option value=\"MX\" >Mexiko<\/option><option value=\"FM\" >Mikronesien<\/option><option value=\"MD\" >Moldau (Republik)<\/option><option value=\"MC\" >Monaco<\/option><option value=\"MN\" >Mongolei<\/option><option value=\"ME\" >Montenegro<\/option><option value=\"MS\" >Montserrat<\/option><option value=\"MZ\" >Mosambik<\/option><option value=\"MM\" >Myanmar<\/option><option value=\"NA\" >Namibia<\/option><option value=\"NR\" >Nauru<\/option><option value=\"NP\" >Nepal<\/option><option value=\"NC\" >Neukaledonien<\/option><option value=\"NZ\" >Neuseeland<\/option><option value=\"NI\" >Nicaragua<\/option><option value=\"NL\" >Niederlande<\/option><option value=\"NE\" >Niger<\/option><option value=\"NG\" >Nigeria<\/option><option value=\"NU\" >Niue<\/option><option value=\"MK\" >Nordmazedonien (Republik)<\/option><option value=\"NF\" >Norfolkinsel<\/option><option value=\"NO\" >Norwegen<\/option><option value=\"MP\" >N\u00f6rdliche Marianen<\/option><option value=\"OM\" >Oman<\/option><option value=\"TL\" >Osttimor<\/option><option value=\"PK\" >Pakistan<\/option><option value=\"PW\" >Palau<\/option><option value=\"PS\" >Pal\u00e4stina (Staat)<\/option><option value=\"PA\" >Panama<\/option><option value=\"PG\" >Papua-Neuguinea<\/option><option value=\"PY\" >Paraguay<\/option><option value=\"PE\" >Peru<\/option><option value=\"PH\" >Philippinen<\/option><option value=\"PN\" >Pitcairninseln<\/option><option value=\"PL\" >Polen<\/option><option value=\"PT\" >Portugal<\/option><option value=\"PR\" >Puerto Rico<\/option><option value=\"RW\" >Ruanda<\/option><option value=\"RO\" >Rum\u00e4nien<\/option><option value=\"RU\" >Russland<\/option><option value=\"RE\" >R\u00e9union<\/option><option value=\"BL\" >Saint-Barth\u00e9lemy<\/option><option value=\"PM\" >Saint-Pierre und Miquelon<\/option><option value=\"SB\" >Salomonen<\/option><option value=\"ZM\" >Sambia<\/option><option value=\"WS\" >Samoa<\/option><option value=\"SM\" >San Marino<\/option><option value=\"SA\" >Saudi-Arabien<\/option><option value=\"SE\" >Schweden<\/option><option value=\"CH\" >Schweiz<\/option><option value=\"SN\" >Senegal<\/option><option value=\"RS\" >Serbien<\/option><option value=\"SC\" >Seychellen<\/option><option value=\"SL\" >Sierra Leone<\/option><option value=\"ZW\" >Simbabwe<\/option><option value=\"SG\" >Singapur<\/option><option value=\"SX\" >Sint Maarten<\/option><option value=\"SK\" >Slowakei<\/option><option value=\"SI\" >Slowenien<\/option><option value=\"SO\" >Somalia<\/option><option value=\"ES\" >Spanien<\/option><option value=\"SJ\" >Spitzbergen und Jan Mayen<\/option><option value=\"LK\" >Sri Lanka<\/option><option value=\"SH\" >St. Helena, Ascension und Tristan da Cunha<\/option><option value=\"KN\" >St. Kitts und Nevis<\/option><option value=\"LC\" >St. Lucia<\/option><option value=\"MF\" >St. Martin (franz\u00f6sisch)<\/option><option value=\"VC\" >St. Vincent und die Grenadinen<\/option><option value=\"SD\" >Sudan<\/option><option value=\"SR\" >Surinam<\/option><option value=\"SY\" >Syrien (Arabische Republik)<\/option><option value=\"ST\" >S\u00e3o Tom\u00e9 und Pr\u00edncipe<\/option><option value=\"ZA\" >S\u00fcdafrika<\/option><option value=\"GS\" >S\u00fcdgeorgien und die S\u00fcdlichen Sandwichinseln<\/option><option value=\"SS\" >S\u00fcdsudan<\/option><option value=\"TJ\" >Tadschikistan<\/option><option value=\"TW\" >Taiwan, Republik China<\/option><option value=\"TZ\" >Tansania (Vereinigte Republik)<\/option><option value=\"TH\" >Thailand<\/option><option value=\"TG\" >Togo<\/option><option value=\"TK\" >Tokelau<\/option><option value=\"TO\" >Tonga<\/option><option value=\"TT\" >Trinidad und Tobago<\/option><option value=\"TD\" >Tschad<\/option><option value=\"CZ\" >Tschechien<\/option><option value=\"TN\" >Tunesien<\/option><option value=\"TM\" >Turkmenistan<\/option><option value=\"TC\" >Turks- und Caicosinseln<\/option><option value=\"TV\" >Tuvalu<\/option><option value=\"TR\" >T\u00fcrkei<\/option><option value=\"US\" >USA<\/option><option value=\"UG\" >Uganda<\/option><option value=\"UA\" >Ukraine<\/option><option value=\"HU\" >Ungarn<\/option><option value=\"UM\" >United States Minor Outlying Islands<\/option><option value=\"UY\" >Uruguay<\/option><option value=\"UZ\" >Usbekistan<\/option><option value=\"VU\" >Vanuatu<\/option><option value=\"VA\" >Vatikanstadt (Staat)<\/option><option value=\"VE\" >Venezuela (Bolivarische Republik)<\/option><option value=\"AE\" >Vereinigte Arabische Emirate<\/option><option value=\"GB\" >Vereinigtes K\u00f6nigreich von Gro\u00dfbritannien und Nordirland<\/option><option value=\"VN\" >Vietnam<\/option><option value=\"WF\" >Wallis und Futuna<\/option><option value=\"CX\" >Weihnachtsinsel<\/option><option value=\"EH\" >Westsahara<\/option><option value=\"CF\" >Zentralafrikanische Republik<\/option><option value=\"CY\" >Zypern<\/option><option value=\"EG\" >\u00c4gypten<\/option><option value=\"GQ\" >\u00c4quatorialguinea<\/option><option value=\"ET\" >\u00c4thopien<\/option><option value=\"AX\" >\u00c5landinseln<\/option><option value=\"AT\" >\u00d6sterreich<\/option><\/select><label for=\"wpforms-3872-field_18-country\" class=\"wpforms-field-sublabel after\">Land<\/label><\/div><\/div><\/div><div id=\"wpforms-3872-field_17-container\" class=\"wpforms-field wpforms-field-email\" data-field-id=\"17\"><label class=\"wpforms-field-label\">E-Mail <span class=\"wpforms-required-label\">*<\/span><\/label><div class=\"wpforms-field-row wpforms-field-medium\"><div class=\"wpforms-field-row-block wpforms-one-half wpforms-first\"><input type=\"email\" id=\"wpforms-3872-field_17\" class=\"wpforms-field-required wpforms-field-email-primary\" name=\"wpforms[fields][17][primary]\" spellcheck=\"false\" required><label for=\"wpforms-3872-field_17\" class=\"wpforms-field-sublabel after\">E-Mail-Adresse<\/label><\/div><div class=\"wpforms-field-row-block wpforms-one-half\"><input type=\"email\" id=\"wpforms-3872-field_17-secondary\" class=\"wpforms-field-email-secondary wpforms-field-required\" data-rule-confirm=\"#wpforms-3872-field_17\" name=\"wpforms[fields][17][secondary]\" spellcheck=\"false\" required><label for=\"wpforms-3872-field_17-secondary\" class=\"wpforms-field-sublabel after\">E-Mail best\u00e4tigen<\/label><\/div><\/div><\/div><div id=\"wpforms-3872-field_16-container\" class=\"wpforms-field wpforms-field-phone\" data-field-id=\"16\"><label class=\"wpforms-field-label\" for=\"wpforms-3872-field_16\">Telefon<\/label><input type=\"tel\" id=\"wpforms-3872-field_16\" class=\"wpforms-field-medium wpforms-smart-phone-field\" data-rule-smart-phone-field=\"true\" name=\"wpforms[fields][16]\" aria-label=\"Telefon\" ><\/div><div id=\"wpforms-3872-field_12-container\" class=\"wpforms-field wpforms-field-textarea\" data-field-id=\"12\"><label class=\"wpforms-field-label\" for=\"wpforms-3872-field_12\">Rezension wird voraussichtlich wann und wo erscheinen? (Pflichtfeld) <span class=\"wpforms-required-label\">*<\/span><\/label><textarea id=\"wpforms-3872-field_12\" class=\"wpforms-field-medium wpforms-field-required\" name=\"wpforms[fields][12]\" required><\/textarea><\/div><div id=\"wpforms-3872-field_13-container\" class=\"wpforms-field wpforms-field-textarea\" data-field-id=\"13\"><label class=\"wpforms-field-label\" for=\"wpforms-3872-field_13\">Sonstige Fragen, Hinweise, Interviewanfragen \u2026 ?<\/label><textarea id=\"wpforms-3872-field_13\" class=\"wpforms-field-medium\" name=\"wpforms[fields][13]\" ><\/textarea><\/div><div id=\"wpforms-3872-field_15-container\" class=\"wpforms-field wpforms-field-gdpr-checkbox\" data-field-id=\"15\"><label class=\"wpforms-field-label\">DSGVO-Einverst\u00e4ndnis <span class=\"wpforms-required-label\">*<\/span><\/label><ul id=\"wpforms-3872-field_15\" class=\"wpforms-field-required\"><li class=\"choice-1\"><input type=\"checkbox\" id=\"wpforms-3872-field_15_1\" name=\"wpforms[fields][15][]\" value=\"Ich willige ein, dass diese Website meine \u00fcbermittelten Informationen speichert, sodass meine Anfrage beantwortet werden kann.\" required ><label class=\"wpforms-field-label-inline\" for=\"wpforms-3872-field_15_1\">Ich willige ein, dass diese Website meine \u00fcbermittelten Informationen speichert, sodass meine Anfrage beantwortet werden kann.<\/label><\/li><\/ul><\/div><div id=\"wpforms-3872-field_20-container\" class=\"wpforms-field wpforms-field-pagebreak\" data-field-id=\"20\"><div class=\"wpforms-clear wpforms-pagebreak-left\"><button class=\"wpforms-page-button wpforms-page-next\" data-action=\"next\" data-page=\"1\" data-formid=\"3872\" disabled>Zur Eintragsvorschau<\/button><\/div><\/div><\/div><div class=\"wpforms-page wpforms-page-2 last \" data-page=\"2\" style=\"display:none;\"><div id=\"wpforms-3872-field_23-container\" class=\"wpforms-field wpforms-field-entry-preview\" data-field-id=\"23\"><div class=\"wpforms-entry-preview-updating-message\">Vorschau aktualisieren...<\/div><div class=\"wpforms-entry-preview-notice\" style=\"display: none;\"><strong>Dies ist eine Vorschau deiner \u00dcbermittlung. Sie ist noch nicht eingereicht worden!<\/strong><br \/>\r\nBitte nimm dir einen Moment Zeit, um deine Angaben zu \u00fcberpr\u00fcfen. Du kannst auch zur\u00fcckgehen, um \u00c4nderungen vorzunehmen.<\/div><div class=\"wpforms-entry-preview-wrapper\" style=\"display: none;\"><\/div><\/div><div id=\"wpforms-3872-field_22-container\" class=\"wpforms-field wpforms-field-pagebreak\" data-field-id=\"22\"><div class=\"wpforms-clear wpforms-pagebreak-left\"><button class=\"wpforms-page-button wpforms-page-prev\" data-action=\"prev\" data-page=\"2\" data-formid=\"3872\" disabled>Zur\u00fcck<\/button><\/div><\/div><\/div><\/div><!-- .wpforms-field-container --><div class=\"wpforms-submit-container\" style=\"display:none;\"><input type=\"hidden\" name=\"wpforms[id]\" value=\"3872\"><input type=\"hidden\" name=\"page_title\" value=\"\"><input type=\"hidden\" name=\"page_url\" value=\"https:\/\/service.conbrio.de\/service\/wp-json\/wp\/v2\/pages\/127\"><input type=\"hidden\" name=\"url_referer\" value=\"\"><button type=\"submit\" name=\"wpforms[submit]\" id=\"wpforms-submit-3872\" class=\"wpforms-submit\" data-alt-text=\"Wird gesendet\" data-submit-text=\"Absenden\" aria-live=\"assertive\" value=\"wpforms-submit\">Absenden<\/button><\/div><\/form><\/div>  <!-- .wpforms-container -->\n<p>&nbsp;<\/p>\n<p>&nbsp;<\/p>\n<p>&nbsp;<\/p>\n<p>&nbsp;<\/p>\n<p>&nbsp;<\/p>\n","protected":false},"excerpt":{"rendered":"<p>Medienvertretern bieten wir die M\u00f6glichkeit kostenlose Rezensionsexemplare zu Pressezwecken bei uns anzufordern. Bitte f\u00fcllen Sie dazu das nachstehende Online-Formular aus. Haben Sie bitte Verst\u00e4ndnis daf\u00fcr, dass wir nicht immer alle <a href=\"https:\/\/service.conbrio.de\/service\/rezensionsexemplar\/\" class=\"more-link\">[&hellip;]<\/a><\/p>\n","protected":false},"author":1,"featured_media":0,"parent":0,"menu_order":0,"comment_status":"closed","ping_status":"closed","template":"","meta":{"_uag_custom_page_level_css":"","episode_type":"","audio_file":"","podmotor_file_id":"","podmotor_episode_id":"","cover_image":"","cover_image_id":"","duration":"","filesize":"","filesize_raw":"","date_recorded":"","explicit":"","block":"","itunes_episode_number":"","itunes_title":"","itunes_season_number":"","itunes_episode_type":"","Layout":"","footnotes":""},"class_list":["entry","author-hufner","post-127","page","type-page","status-publish"],"uagb_featured_image_src":{"full":false,"thumbnail":false,"medium":false,"medium_large":false,"large":false,"1536x1536":false,"2048x2048":false,"post-thumbnail":false,"stargazer-full":false},"uagb_author_info":{"display_name":"nmz","author_link":"https:\/\/service.conbrio.de\/service\/author\/hufner\/"},"uagb_comment_info":0,"uagb_excerpt":"Medienvertretern bieten wir die M\u00f6glichkeit kostenlose Rezensionsexemplare zu Pressezwecken bei uns anzufordern. Bitte f\u00fcllen Sie dazu das nachstehende Online-Formular aus. Haben Sie bitte Verst\u00e4ndnis daf\u00fcr, dass wir nicht immer alle [&hellip;]","_links":{"self":[{"href":"https:\/\/service.conbrio.de\/service\/wp-json\/wp\/v2\/pages\/127","targetHints":{"allow":["GET"]}}],"collection":[{"href":"https:\/\/service.conbrio.de\/service\/wp-json\/wp\/v2\/pages"}],"about":[{"href":"https:\/\/service.conbrio.de\/service\/wp-json\/wp\/v2\/types\/page"}],"author":[{"embeddable":true,"href":"https:\/\/service.conbrio.de\/service\/wp-json\/wp\/v2\/users\/1"}],"replies":[{"embeddable":true,"href":"https:\/\/service.conbrio.de\/service\/wp-json\/wp\/v2\/comments?post=127"}],"version-history":[{"count":7,"href":"https:\/\/service.conbrio.de\/service\/wp-json\/wp\/v2\/pages\/127\/revisions"}],"predecessor-version":[{"id":3886,"href":"https:\/\/service.conbrio.de\/service\/wp-json\/wp\/v2\/pages\/127\/revisions\/3886"}],"wp:attachment":[{"href":"https:\/\/service.conbrio.de\/service\/wp-json\/wp\/v2\/media?parent=127"}],"curies":[{"name":"wp","href":"https:\/\/api.w.org\/{rel}","templated":true}]}}