{"id":17,"date":"2016-10-13T11:15:11","date_gmt":"2016-10-13T09:15:11","guid":{"rendered":"http:\/\/service.conbrio.de\/service\/?page_id=17"},"modified":"2026-01-27T12:34:33","modified_gmt":"2026-01-27T11:34:33","slug":"mediadaten-nmz","status":"publish","type":"page","link":"https:\/\/service.conbrio.de\/service\/mediadaten-nmz\/","title":{"rendered":"Mediadaten nmz"},"content":{"rendered":"<p><a href=\"http:\/\/service.conbrio.de\/service\/wp-content\/uploads\/2016\/10\/2012-07-titelbild.jpg\"><img loading=\"lazy\" decoding=\"async\" class=\"alignright size-medium wp-image-76\" src=\"http:\/\/service.conbrio.de\/service\/wp-content\/uploads\/2016\/10\/2012-07-titelbild-201x300.jpg\" alt=\"2012-07-titelbild\" width=\"201\" height=\"300\" srcset=\"https:\/\/service.conbrio.de\/service\/wp-content\/uploads\/2016\/10\/2012-07-titelbild-201x300.jpg 201w, https:\/\/service.conbrio.de\/service\/wp-content\/uploads\/2016\/10\/2012-07-titelbild-768x1146.jpg 768w, https:\/\/service.conbrio.de\/service\/wp-content\/uploads\/2016\/10\/2012-07-titelbild-686x1024.jpg 686w, https:\/\/service.conbrio.de\/service\/wp-content\/uploads\/2016\/10\/2012-07-titelbild-335x500.jpg 335w, https:\/\/service.conbrio.de\/service\/wp-content\/uploads\/2016\/10\/2012-07-titelbild.jpg 800w\" sizes=\"auto, (max-width: 201px) 100vw, 201px\" \/><\/a>Die neue musikzeitung steht seit fast 70 Jahren f\u00fcr unabh\u00e4ngigen Qualit\u00e4ts-Musikjournalismus im Print-Bereich. Seit 1997 mit einer Online-Ausgabe im Internet pr\u00e4sent, informiert Deutschlands gr\u00f6\u00dfte Musikfachzeitung seit einem kompletten Relaunch im Jahr 2008 online tagesaktuell \u00fcber \u00fcberregional bedeutsame Opernpremieren, Konzertereignisse und Urauff\u00fchrungen, <span class=\"caps\">CD<\/span>-, Noten- und Buchneuerscheinungen und kulturpolitische und musikp\u00e4dagogische Themen. Durch Werbung auf unseren Seiten erreichen Sie genau das Zielpublikum, das Sie sich w\u00fcnschen: eine qualifizierte Leserschaft, die zu 80 Prozent in Musikberufen t\u00e4tig ist und regelm\u00e4\u00dfig Konzerte und Festivals besucht, einen \u00fcberdurchschnittlich hohen Anteil an Meinungsbildern und Multiplikatoren in Medien, kulturpolitischen Institutionen, Musikschulen und\u00a0Musikwirtschaft.<\/p>\n<p>Das Kulturinformationszentrum versorgt die Netzgemeinde st\u00fcndlich mit neuesten Nachrichten aus der Welt der Musik und der Kulturpolitik. Dabei legen wir stets Wert\u00a0auf<\/p>\n<ul>\n<li>Unabh\u00e4ngige\u00a0Berichterstattung<\/li>\n<li>Tiefgehende\u00a0Hintergrundinformationen<\/li>\n<li>Kontr\u00e4re\u00a0Sichtweisen<\/li>\n<li>Kommentare, die analysieren, hinterfragen und\u00a0polarisieren.<\/li>\n<\/ul>\n<p>Eine repr\u00e4sentative Online-Umfrage vom Herbst 2011 hat ergeben,\u00a0dass<\/p>\n<ul>\n<li>86 % unserer User ein Instrument\u00a0spielen<\/li>\n<li>80 % in Musikberufen t\u00e4tig\u00a0sind<\/li>\n<\/ul>\n<p>Weitere Informationen zu den Interessen sowie \u00fcber das \u00a0Kaufverhalten unserer User k\u00f6nnen Sie mit dem nachfolgenden <span class=\"caps\">PDF<\/span> downloaden.<\/p>\n<h3>Mediadaten<\/h3>\n<ul>\n<li>nmz \u2013 Anzeigen- und Beilagenpreisliste Nr. 60 (2026)<br \/>\n<a  data-e-Disable-Page-Transition=\"true\" class=\"download-link filetype-icon filetype-pdf\" title=\"Version anzeigenpreise printausgabe, preisliste 60, g\u00fcltig ab 01. januar 2026\" href=\"https:\/\/service.conbrio.de\/service\/download\/113\/?tmstv=1777450846\" rel=\"nofollow\" id=\"download-link-113\" data-redirect=\"false\" >\n\tMediadaten-nmz-print-2026.pdf\t(11582 Downloads\t)\n<\/a>\n<\/li>\n<li>nmz \u2013 Mediadaten Hochschulmagazin (2026)<br \/>\n<a  data-e-Disable-Page-Transition=\"true\" class=\"download-link filetype-icon filetype-pdf\" title=\"Version mediadaten-hochschulmagazin-2026\" href=\"https:\/\/service.conbrio.de\/service\/download\/1779\/?tmstv=1777450846\" rel=\"nofollow\" id=\"download-link-1779\" data-redirect=\"false\" >\n\tMediadaten-Hochschulmagazin-2026.pdf\t(4836 Downloads\t)\n<\/a>\n<\/li>\n<li>nmz \u2013 Mediadaten Online<br \/>\n<a  data-e-Disable-Page-Transition=\"true\" class=\"download-link filetype-icon filetype-pdf\" title=\"Version 2026_v01\" href=\"https:\/\/service.conbrio.de\/service\/download\/139\/?tmstv=1777450846\" rel=\"nofollow\" id=\"download-link-139\" data-redirect=\"false\" >\n\tMediadaten-nmz-online_2026_.pdf\t(4629 Downloads\t)\n<\/a>\n<\/li>\n<\/ul>\n<h3>Online buchen oder reservieren<\/h3>\n<ul>\n<li><a href=\"https:\/\/www.nmz.de\/werben\">Print-Anzeigen<\/a><\/li>\n<li><a href=\"https:\/\/www.nmz.de\/werben\">Online-Anzeigen<\/a> (Kontakt und Infos)<\/li>\n<\/ul>\n<p>&nbsp;<\/p>\n<p>&nbsp;<\/p>\n","protected":false},"excerpt":{"rendered":"<p>Die neue musikzeitung steht seit fast 70 Jahren f\u00fcr unabh\u00e4ngigen Qualit\u00e4ts-Musikjournalismus im Print-Bereich. Seit 1997 mit einer Online-Ausgabe im Internet pr\u00e4sent, informiert Deutschlands gr\u00f6\u00dfte Musikfachzeitung seit einem kompletten Relaunch im <a href=\"https:\/\/service.conbrio.de\/service\/mediadaten-nmz\/\" class=\"more-link\">[&hellip;]<\/a><\/p>\n","protected":false},"author":1,"featured_media":76,"parent":0,"menu_order":0,"comment_status":"closed","ping_status":"closed","template":"","meta":{"_uag_custom_page_level_css":"","episode_type":"","audio_file":"","podmotor_file_id":"","podmotor_episode_id":"","cover_image":"","cover_image_id":"","duration":"","filesize":"","filesize_raw":"","date_recorded":"","explicit":"","block":"","itunes_episode_number":"","itunes_title":"","itunes_season_number":"","itunes_episode_type":"","Layout":"","footnotes":""},"class_list":["entry","author-hufner","post-17","page","type-page","status-publish","has-post-thumbnail"],"uagb_featured_image_src":{"full":["https:\/\/service.conbrio.de\/service\/wp-content\/uploads\/2016\/10\/2012-07-titelbild.jpg",800,1194,false],"thumbnail":["https:\/\/service.conbrio.de\/service\/wp-content\/uploads\/2016\/10\/2012-07-titelbild-150x150.jpg",150,150,true],"medium":["https:\/\/service.conbrio.de\/service\/wp-content\/uploads\/2016\/10\/2012-07-titelbild-201x300.jpg",201,300,true],"medium_large":["https:\/\/service.conbrio.de\/service\/wp-content\/uploads\/2016\/10\/2012-07-titelbild-768x1146.jpg",768,1146,true],"large":["https:\/\/service.conbrio.de\/service\/wp-content\/uploads\/2016\/10\/2012-07-titelbild-686x1024.jpg",686,1024,true],"1536x1536":["https:\/\/service.conbrio.de\/service\/wp-content\/uploads\/2016\/10\/2012-07-titelbild.jpg",800,1194,false],"2048x2048":["https:\/\/service.conbrio.de\/service\/wp-content\/uploads\/2016\/10\/2012-07-titelbild.jpg",800,1194,false],"post-thumbnail":["https:\/\/service.conbrio.de\/service\/wp-content\/uploads\/2016\/10\/2012-07-titelbild-175x131.jpg",175,131,true],"stargazer-full":["https:\/\/service.conbrio.de\/service\/wp-content\/uploads\/2016\/10\/2012-07-titelbild-335x500.jpg",335,500,true]},"uagb_author_info":{"display_name":"nmz","author_link":"https:\/\/service.conbrio.de\/service\/author\/hufner\/"},"uagb_comment_info":0,"uagb_excerpt":"Die neue musikzeitung steht seit fast 70 Jahren f\u00fcr unabh\u00e4ngigen Qualit\u00e4ts-Musikjournalismus im Print-Bereich. Seit 1997 mit einer Online-Ausgabe im Internet pr\u00e4sent, informiert Deutschlands gr\u00f6\u00dfte Musikfachzeitung seit einem kompletten Relaunch im [&hellip;]","_links":{"self":[{"href":"https:\/\/service.conbrio.de\/service\/wp-json\/wp\/v2\/pages\/17","targetHints":{"allow":["GET"]}}],"collection":[{"href":"https:\/\/service.conbrio.de\/service\/wp-json\/wp\/v2\/pages"}],"about":[{"href":"https:\/\/service.conbrio.de\/service\/wp-json\/wp\/v2\/types\/page"}],"author":[{"embeddable":true,"href":"https:\/\/service.conbrio.de\/service\/wp-json\/wp\/v2\/users\/1"}],"replies":[{"embeddable":true,"href":"https:\/\/service.conbrio.de\/service\/wp-json\/wp\/v2\/comments?post=17"}],"version-history":[{"count":27,"href":"https:\/\/service.conbrio.de\/service\/wp-json\/wp\/v2\/pages\/17\/revisions"}],"predecessor-version":[{"id":13340,"href":"https:\/\/service.conbrio.de\/service\/wp-json\/wp\/v2\/pages\/17\/revisions\/13340"}],"wp:featuredmedia":[{"embeddable":true,"href":"https:\/\/service.conbrio.de\/service\/wp-json\/wp\/v2\/media\/76"}],"wp:attachment":[{"href":"https:\/\/service.conbrio.de\/service\/wp-json\/wp\/v2\/media?parent=17"}],"curies":[{"name":"wp","href":"https:\/\/api.w.org\/{rel}","templated":true}]}}