{"id":31,"date":"2016-10-13T11:26:35","date_gmt":"2016-10-13T09:26:35","guid":{"rendered":"http:\/\/service.conbrio.de\/service\/?page_id=31"},"modified":"2026-01-27T12:33:49","modified_gmt":"2026-01-27T11:33:49","slug":"mediadaten-oper-tanz","status":"publish","type":"page","link":"https:\/\/service.conbrio.de\/service\/mediadaten-oper-tanz\/","title":{"rendered":"Mediadaten &#8211; Oper &#038; Tanz"},"content":{"rendered":"<figure id=\"attachment_96\" aria-describedby=\"caption-attachment-96\" style=\"width: 212px\" class=\"wp-caption alignright\"><a href=\"http:\/\/service.conbrio.de\/service\/wp-content\/uploads\/2016\/10\/2016_04_titelseite.jpg\"><img loading=\"lazy\" decoding=\"async\" class=\"size-medium wp-image-96\" src=\"http:\/\/service.conbrio.de\/service\/wp-content\/uploads\/2016\/10\/2016_04_titelseite-212x300.jpg\" alt=\"Titelseite Oper&amp;Tanz 2016\/04-05\" width=\"212\" height=\"300\" srcset=\"https:\/\/service.conbrio.de\/service\/wp-content\/uploads\/2016\/10\/2016_04_titelseite-212x300.jpg 212w, https:\/\/service.conbrio.de\/service\/wp-content\/uploads\/2016\/10\/2016_04_titelseite-353x500.jpg 353w, https:\/\/service.conbrio.de\/service\/wp-content\/uploads\/2016\/10\/2016_04_titelseite.jpg 424w\" sizes=\"auto, (max-width: 212px) 100vw, 212px\" \/><\/a><figcaption id=\"caption-attachment-96\" class=\"wp-caption-text\">Titelseite Oper&amp;Tanz 2016\/04-05<\/figcaption><\/figure>\n<p><strong>Die Zeitschrift f\u00fcr neugierige Musikfreunde: <\/strong>Nachrichten aus den deutschen Opernh\u00e4usern und Tanztheatern, kulturpolitische Kommentare, ausf\u00fchrliche Portr\u00e4ts, Berichte und die aktuelle Kritik im \u00dcberblick. St\u00e4ndig auf dem neuesten Stand in Zusammenarbeit mit dem Kulturinformationszentrum (KIZ) der neuen musikzeitung.<\/p>\n<p><strong>Dazu fundierte Service-Informationen:<\/strong> Prem<span class=\"inhalt\">ieren und Besetzungen, Festspiele und Wettbewerbe, spezieller Stellenmarkt f\u00fcr Chors\u00e4nger und B\u00fchnent\u00e4nzer, B\u00fchnenarbeits- und Sozialrecht, Berufs- und Verbandspolitik.<\/span><\/p>\n<p><span class=\"inhalt\"><strong>\u201eOper &amp;Tanz&#8221;<\/strong> als <a href=\"http:\/\/service.conbrio.de\/service\/opertanz-abonnement\/\">Print-Ausgabe<\/a> unterrichtet<\/span> Sie f\u00fcnf Mal im Jahr gr\u00fcndlich und umfassend.<\/p>\n<p><strong>Mediadaten<\/strong><\/p>\n<ul>\n<li>Oper &amp; Tanz: Anzeigen- und Beilagenpreisliste Nr. 14 (2026)<br \/>\n<a  data-e-Disable-Page-Transition=\"true\" class=\"download-link filetype-icon filetype-pdf\" title=\"Version mediadaten oper &amp;amp; tanz 2026\" href=\"https:\/\/service.conbrio.de\/service\/download\/100\/?tmstv=1777557024\" rel=\"nofollow\" id=\"download-link-100\" data-redirect=\"false\" >\n\tMediadaten-Oper-Tanz-2026.pdf\t(4948 Downloads\t)\n<\/a>\n<\/li>\n<\/ul>\n<p>&nbsp;<\/p>\n<p><strong>Probeexemplar<\/strong><\/p>\n<a href=\"https:\/\/service.conbrio.de\/service\/wp-content\/uploads\/2020\/02\/ot_2019_04_opt.pdf\" class=\"pdfemb-viewer\" style=\"\" data-width=\"max\" data-height=\"max\" data-toolbar=\"bottom\" data-toolbar-fixed=\"off\">Oper &amp; Tanz Nr. 4\/2019<\/a>\n<p>&nbsp;<\/p>\n","protected":false},"excerpt":{"rendered":"<p>Die Zeitschrift f\u00fcr neugierige Musikfreunde: Nachrichten aus den deutschen Opernh\u00e4usern und Tanztheatern, kulturpolitische Kommentare, ausf\u00fchrliche Portr\u00e4ts, Berichte und die aktuelle Kritik im \u00dcberblick. St\u00e4ndig auf dem neuesten Stand in Zusammenarbeit <a href=\"https:\/\/service.conbrio.de\/service\/mediadaten-oper-tanz\/\" class=\"more-link\">[&hellip;]<\/a><\/p>\n","protected":false},"author":1,"featured_media":96,"parent":0,"menu_order":0,"comment_status":"closed","ping_status":"closed","template":"","meta":{"_uag_custom_page_level_css":"","episode_type":"","audio_file":"","podmotor_file_id":"","podmotor_episode_id":"","cover_image":"","cover_image_id":"","duration":"","filesize":"","filesize_raw":"","date_recorded":"","explicit":"","block":"","itunes_episode_number":"","itunes_title":"","itunes_season_number":"","itunes_episode_type":"","Layout":"","footnotes":""},"class_list":["entry","author-hufner","post-31","page","type-page","status-publish","has-post-thumbnail"],"uagb_featured_image_src":{"full":["https:\/\/service.conbrio.de\/service\/wp-content\/uploads\/2016\/10\/2016_04_titelseite.jpg",424,600,false],"thumbnail":["https:\/\/service.conbrio.de\/service\/wp-content\/uploads\/2016\/10\/2016_04_titelseite-150x150.jpg",150,150,true],"medium":["https:\/\/service.conbrio.de\/service\/wp-content\/uploads\/2016\/10\/2016_04_titelseite-212x300.jpg",212,300,true],"medium_large":["https:\/\/service.conbrio.de\/service\/wp-content\/uploads\/2016\/10\/2016_04_titelseite.jpg",424,600,false],"large":["https:\/\/service.conbrio.de\/service\/wp-content\/uploads\/2016\/10\/2016_04_titelseite.jpg",424,600,false],"1536x1536":["https:\/\/service.conbrio.de\/service\/wp-content\/uploads\/2016\/10\/2016_04_titelseite.jpg",424,600,false],"2048x2048":["https:\/\/service.conbrio.de\/service\/wp-content\/uploads\/2016\/10\/2016_04_titelseite.jpg",424,600,false],"post-thumbnail":["https:\/\/service.conbrio.de\/service\/wp-content\/uploads\/2016\/10\/2016_04_titelseite-175x131.jpg",175,131,true],"stargazer-full":["https:\/\/service.conbrio.de\/service\/wp-content\/uploads\/2016\/10\/2016_04_titelseite-353x500.jpg",353,500,true]},"uagb_author_info":{"display_name":"nmz","author_link":"https:\/\/service.conbrio.de\/service\/author\/hufner\/"},"uagb_comment_info":0,"uagb_excerpt":"Die Zeitschrift f\u00fcr neugierige Musikfreunde: Nachrichten aus den deutschen Opernh\u00e4usern und Tanztheatern, kulturpolitische Kommentare, ausf\u00fchrliche Portr\u00e4ts, Berichte und die aktuelle Kritik im \u00dcberblick. St\u00e4ndig auf dem neuesten Stand in Zusammenarbeit [&hellip;]","_links":{"self":[{"href":"https:\/\/service.conbrio.de\/service\/wp-json\/wp\/v2\/pages\/31","targetHints":{"allow":["GET"]}}],"collection":[{"href":"https:\/\/service.conbrio.de\/service\/wp-json\/wp\/v2\/pages"}],"about":[{"href":"https:\/\/service.conbrio.de\/service\/wp-json\/wp\/v2\/types\/page"}],"author":[{"embeddable":true,"href":"https:\/\/service.conbrio.de\/service\/wp-json\/wp\/v2\/users\/1"}],"replies":[{"embeddable":true,"href":"https:\/\/service.conbrio.de\/service\/wp-json\/wp\/v2\/comments?post=31"}],"version-history":[{"count":19,"href":"https:\/\/service.conbrio.de\/service\/wp-json\/wp\/v2\/pages\/31\/revisions"}],"predecessor-version":[{"id":13339,"href":"https:\/\/service.conbrio.de\/service\/wp-json\/wp\/v2\/pages\/31\/revisions\/13339"}],"wp:featuredmedia":[{"embeddable":true,"href":"https:\/\/service.conbrio.de\/service\/wp-json\/wp\/v2\/media\/96"}],"wp:attachment":[{"href":"https:\/\/service.conbrio.de\/service\/wp-json\/wp\/v2\/media?parent=31"}],"curies":[{"name":"wp","href":"https:\/\/api.w.org\/{rel}","templated":true}]}}