{"id":34,"date":"2016-10-13T11:32:09","date_gmt":"2016-10-13T09:32:09","guid":{"rendered":"http:\/\/service.conbrio.de\/service\/?page_id=34"},"modified":"2026-01-27T12:37:05","modified_gmt":"2026-01-27T11:37:05","slug":"mediadaten-zeitung-politik-kultur","status":"publish","type":"page","link":"https:\/\/service.conbrio.de\/service\/mediadaten-zeitung-politik-kultur\/","title":{"rendered":"Mediadaten \u2013 Zeitung Politik &#038; Kultur"},"content":{"rendered":"<p>Politik &amp; Kultur, die Zeitung des Deutschen Kulturrates, wird herausgegeben von Olaf Zimmermann und Theo Gei\u00dfler. Sie erscheint sechsmal j\u00e4hrlich, informiert zu kulturpolitischen Fragestellungen und widmet zus\u00e4tzlich in jeder Ausgabe einem aktuellen Thema einen Schwerpunkt. Politik &amp; Kultur ist in Bahnhofsbuchhandlungen, auf Flugh\u00e4fen, im Online-Shop sowie im Abonnement erh\u00e4ltlich. Alle Politik &amp; Kultur-Ausgaben k\u00f6nnen hier als E-Paper (PDF\u2011Datei) kostenfrei geladen werden. Das Politik &amp; Kultur-Jahresabonnement k\u00f6nnen Sie <a href=\"http:\/\/www.kulturrat-shop.de\/epages\/79484258.sf\/de_DE\/?ObjectPath=\/Shops\/79484258\/Products\/54\" target=\"_blank\" rel=\"noopener noreferrer\">hier<\/a> bestellen.<\/p>\n<h4><strong>Mediadaten<\/strong><\/h4>\n<ul>\n<li><a  data-e-Disable-Page-Transition=\"true\" class=\"download-link filetype-icon filetype-pdf\" title=\"Version mediadaten puk 2025\" href=\"https:\/\/service.conbrio.de\/service\/download\/148\/?tmstv=1778241952\" rel=\"nofollow\" id=\"download-link-148\" data-redirect=\"false\" >\n\tMediadaten-PuK-2026.pdf\t(4511 Downloads\t)\n<\/a>\n<\/li>\n<\/ul>\n","protected":false},"excerpt":{"rendered":"<p>Politik &amp; Kultur, die Zeitung des Deutschen Kulturrates, wird herausgegeben von Olaf Zimmermann und Theo Gei\u00dfler. Sie erscheint sechsmal j\u00e4hrlich, informiert zu kulturpolitischen Fragestellungen und widmet zus\u00e4tzlich in jeder Ausgabe <a href=\"https:\/\/service.conbrio.de\/service\/mediadaten-zeitung-politik-kultur\/\" class=\"more-link\">[&hellip;]<\/a><\/p>\n","protected":false},"author":1,"featured_media":0,"parent":0,"menu_order":0,"comment_status":"closed","ping_status":"closed","template":"","meta":{"_uag_custom_page_level_css":"","episode_type":"","audio_file":"","podmotor_file_id":"","podmotor_episode_id":"","cover_image":"","cover_image_id":"","duration":"","filesize":"","filesize_raw":"","date_recorded":"","explicit":"","block":"","itunes_episode_number":"","itunes_title":"","itunes_season_number":"","itunes_episode_type":"","Layout":"","footnotes":""},"class_list":["entry","author-hufner","post-34","page","type-page","status-publish"],"uagb_featured_image_src":{"full":false,"thumbnail":false,"medium":false,"medium_large":false,"large":false,"1536x1536":false,"2048x2048":false,"post-thumbnail":false,"stargazer-full":false},"uagb_author_info":{"display_name":"nmz","author_link":"https:\/\/service.conbrio.de\/service\/author\/hufner\/"},"uagb_comment_info":0,"uagb_excerpt":"Politik &amp; Kultur, die Zeitung des Deutschen Kulturrates, wird herausgegeben von Olaf Zimmermann und Theo Gei\u00dfler. Sie erscheint sechsmal j\u00e4hrlich, informiert zu kulturpolitischen Fragestellungen und widmet zus\u00e4tzlich in jeder Ausgabe [&hellip;]","_links":{"self":[{"href":"https:\/\/service.conbrio.de\/service\/wp-json\/wp\/v2\/pages\/34","targetHints":{"allow":["GET"]}}],"collection":[{"href":"https:\/\/service.conbrio.de\/service\/wp-json\/wp\/v2\/pages"}],"about":[{"href":"https:\/\/service.conbrio.de\/service\/wp-json\/wp\/v2\/types\/page"}],"author":[{"embeddable":true,"href":"https:\/\/service.conbrio.de\/service\/wp-json\/wp\/v2\/users\/1"}],"replies":[{"embeddable":true,"href":"https:\/\/service.conbrio.de\/service\/wp-json\/wp\/v2\/comments?post=34"}],"version-history":[{"count":9,"href":"https:\/\/service.conbrio.de\/service\/wp-json\/wp\/v2\/pages\/34\/revisions"}],"predecessor-version":[{"id":13341,"href":"https:\/\/service.conbrio.de\/service\/wp-json\/wp\/v2\/pages\/34\/revisions\/13341"}],"wp:attachment":[{"href":"https:\/\/service.conbrio.de\/service\/wp-json\/wp\/v2\/media?parent=34"}],"curies":[{"name":"wp","href":"https:\/\/api.w.org\/{rel}","templated":true}]}}