{"id":40,"date":"2016-10-13T11:41:59","date_gmt":"2016-10-13T09:41:59","guid":{"rendered":"http:\/\/service.conbrio.de\/service\/?page_id=40"},"modified":"2024-07-05T11:05:00","modified_gmt":"2024-07-05T09:05:00","slug":"mediadaten-kulturaustausch","status":"publish","type":"page","link":"https:\/\/service.conbrio.de\/service\/mediadaten-kulturaustausch\/","title":{"rendered":"Mediadaten \u2013 KULTURAUSTAUSCH"},"content":{"rendered":"<figure id=\"attachment_1035\" aria-describedby=\"caption-attachment-1035\" style=\"width: 220px\" class=\"wp-caption alignright\"><a href=\"https:\/\/service.conbrio.de\/service\/wp-content\/uploads\/2018\/11\/KA2018_3_4.jpg\"><img loading=\"lazy\" decoding=\"async\" class=\"size-medium wp-image-1035\" src=\"https:\/\/service.conbrio.de\/service\/wp-content\/uploads\/2018\/11\/KA2018_3_4-220x300.jpg\" alt=\"KULTURAUSTAUSCH Heft 2018\/03_04\" width=\"220\" height=\"300\" srcset=\"https:\/\/service.conbrio.de\/service\/wp-content\/uploads\/2018\/11\/KA2018_3_4-220x300.jpg 220w, https:\/\/service.conbrio.de\/service\/wp-content\/uploads\/2018\/11\/KA2018_3_4-768x1049.jpg 768w, https:\/\/service.conbrio.de\/service\/wp-content\/uploads\/2018\/11\/KA2018_3_4-750x1024.jpg 750w, https:\/\/service.conbrio.de\/service\/wp-content\/uploads\/2018\/11\/KA2018_3_4-366x500.jpg 366w\" sizes=\"auto, (max-width: 220px) 100vw, 220px\" \/><\/a><figcaption id=\"caption-attachment-1035\" class=\"wp-caption-text\">KULTURAUSTAUSCH Heft 2018\/03_04<\/figcaption><\/figure>\n<p><b>KULTURAUSTAUSCH \u2013 Zeitschrift f\u00fcr internationale Perspektiven <\/b>erscheint viertelj\u00e4hrlich mit dem Ziel, aktuelle Themen der internationalen Kulturbeziehungen aus ungewohnten Blickwinkeln darzustellen. Autoren aus aller Welt tauschen sich \u00fcber Wechselwirkungen zwischen Politik, Kultur und Gesellschaft aus. Die Zeitschrift erreicht Leser in 146 L\u00e4ndern. Ein Schwerpunktthema in jeder Ausgabe fokussiert die wachsende Bedeutung kultureller Prozesse in der globalisierten Welt. Kulturaustausch wird vom Institut f\u00fcr Auslandsbeziehungen e. V. und dem ConBrio Verlag in Public Private Partnership herausgegeben und durch das Ausw\u00e4rtige Amt finanziell unterst\u00fctzt. Herausgeber ist der Generalsekret\u00e4r des ifa, Ronald Gr\u00e4tz. Die Chefredakteurin der Zeitschrift ist Jenny Friedrich-Freksa. <b><br \/>\n<\/b><\/p>\n<h4>Mediadaten<\/h4>\n<ul>\n<li><a  data-e-Disable-Page-Transition=\"true\" class=\"download-link filetype-icon filetype-pdf\" title=\"Version 2026_ka\" href=\"https:\/\/service.conbrio.de\/service\/download\/681\/?tmstv=1777988013\" rel=\"nofollow\" id=\"download-link-681\" data-redirect=\"false\" >\n\tKA_mediadaten2026_27.pdf\t(3636 Downloads\t)\n<\/a>\n<\/li>\n<\/ul>\n<p>&nbsp;<\/p>\n","protected":false},"excerpt":{"rendered":"<p>KULTURAUSTAUSCH \u2013 Zeitschrift f\u00fcr internationale Perspektiven erscheint viertelj\u00e4hrlich mit dem Ziel, aktuelle Themen der internationalen Kulturbeziehungen aus ungewohnten Blickwinkeln darzustellen. Autoren aus aller Welt tauschen sich \u00fcber Wechselwirkungen zwischen Politik, <a href=\"https:\/\/service.conbrio.de\/service\/mediadaten-kulturaustausch\/\" class=\"more-link\">[&hellip;]<\/a><\/p>\n","protected":false},"author":1,"featured_media":0,"parent":0,"menu_order":0,"comment_status":"closed","ping_status":"closed","template":"","meta":{"_uag_custom_page_level_css":"","episode_type":"","audio_file":"","podmotor_file_id":"","podmotor_episode_id":"","cover_image":"","cover_image_id":"","duration":"","filesize":"","filesize_raw":"","date_recorded":"","explicit":"","block":"","itunes_episode_number":"","itunes_title":"","itunes_season_number":"","itunes_episode_type":"","Layout":"","footnotes":""},"class_list":["entry","author-hufner","post-40","page","type-page","status-publish"],"uagb_featured_image_src":{"full":false,"thumbnail":false,"medium":false,"medium_large":false,"large":false,"1536x1536":false,"2048x2048":false,"post-thumbnail":false,"stargazer-full":false},"uagb_author_info":{"display_name":"nmz","author_link":"https:\/\/service.conbrio.de\/service\/author\/hufner\/"},"uagb_comment_info":0,"uagb_excerpt":"KULTURAUSTAUSCH \u2013 Zeitschrift f\u00fcr internationale Perspektiven erscheint viertelj\u00e4hrlich mit dem Ziel, aktuelle Themen der internationalen Kulturbeziehungen aus ungewohnten Blickwinkeln darzustellen. Autoren aus aller Welt tauschen sich \u00fcber Wechselwirkungen zwischen Politik, [&hellip;]","_links":{"self":[{"href":"https:\/\/service.conbrio.de\/service\/wp-json\/wp\/v2\/pages\/40","targetHints":{"allow":["GET"]}}],"collection":[{"href":"https:\/\/service.conbrio.de\/service\/wp-json\/wp\/v2\/pages"}],"about":[{"href":"https:\/\/service.conbrio.de\/service\/wp-json\/wp\/v2\/types\/page"}],"author":[{"embeddable":true,"href":"https:\/\/service.conbrio.de\/service\/wp-json\/wp\/v2\/users\/1"}],"replies":[{"embeddable":true,"href":"https:\/\/service.conbrio.de\/service\/wp-json\/wp\/v2\/comments?post=40"}],"version-history":[{"count":6,"href":"https:\/\/service.conbrio.de\/service\/wp-json\/wp\/v2\/pages\/40\/revisions"}],"predecessor-version":[{"id":1073,"href":"https:\/\/service.conbrio.de\/service\/wp-json\/wp\/v2\/pages\/40\/revisions\/1073"}],"wp:attachment":[{"href":"https:\/\/service.conbrio.de\/service\/wp-json\/wp\/v2\/media?parent=40"}],"curies":[{"name":"wp","href":"https:\/\/api.w.org\/{rel}","templated":true}]}}