{"id":763,"date":"2018-05-23T19:05:27","date_gmt":"2018-05-23T17:05:27","guid":{"rendered":"https:\/\/service.conbrio.de\/service\/newsletter\/"},"modified":"2024-07-09T20:19:28","modified_gmt":"2024-07-09T18:19:28","slug":"newsletter","status":"publish","type":"page","link":"https:\/\/service.conbrio.de\/service\/newsletter\/","title":{"rendered":"Newsletter"},"content":{"rendered":"<h2>Abonnieren Sie unsere kostenlosen nmz-Newsletter!<\/h2>\n<p>&nbsp;<\/p>\n<h3>Die nmz-Abendschau<\/h3>\n<p>Abonnieren Sie unsere Abendschau. Die News der letzten 24 Stunden um 18 Uhr in Ihrem Postfach.<\/p>\n<p><script>\nfunction loadjQuery(e,t){var n=document.createElement(\"script\");n.setAttribute(\"src\",e);n.onload=t;n.onreadystatechange=function(){if(this.readyState==\"complete\"||this.readyState==\"loaded\")t()};document.getElementsByTagName(\"head\")[0].appendChild(n)}function main(){\nvar $cr=jQuery.noConflict();var old_src;$cr(document).ready(function(){$cr(\".cr_form\").submit(function(){$cr(this).find('.clever_form_error').removeClass('clever_form_error');$cr(this).find('.clever_form_note').remove();$cr(this).find(\".musthave\").find('input, textarea').each(function(){if(jQuery.trim($cr(this).val())==\"\"||($cr(this).is(':checkbox'))||($cr(this).is(':radio'))){if($cr(this).is(':checkbox')||($cr(this).is(':radio'))){if(!$cr(this).parents(\".cr_ipe_item\").find(\":checked\").is(\":checked\")){$cr(this).parents(\".cr_ipe_item\").addClass('clever_form_error')}}else{$cr(this).addClass('clever_form_error')}}});if($cr(this).attr(\"action\").search(document.domain)>0&&$cr(\".cr_form\").attr(\"action\").search(\"wcs\")>0){var cr_email=$cr(this).find('input[name=email]');var unsub=false;if($cr(\"input['name=cr_subunsubscribe'][value='false']\").length){if($cr(\"input['name=cr_subunsubscribe'][value='false']\").is(\":checked\")){unsub=true}}if(cr_email.val()&&!unsub){$cr.ajax({type:\"GET\",url:$cr(\".cr_form\").attr(\"action\").replace(\"wcs\",\"check_email\")+window.btoa($cr(this).find('input[name=email]').val()),success:function(data){if(data){cr_email.addClass('clever_form_error').before(\"<\/p>\n<\/p>\n<div class='clever_form_note cr_font'>\"+data+\"<\/div>\n<\/p>\n<p>\");return false}},async:false})}var cr_captcha=$cr(this).find('input[name=captcha]');if(cr_captcha.val()){$cr.ajax({type:\"GET\",url:$cr(\".cr_form\").attr(\"action\").replace(\"wcs\",\"check_captcha\")+$cr(this).find('input[name=captcha]').val(),success:function(data){if(data){cr_captcha.addClass('clever_form_error').after(\"<\/p>\n<\/p>\n<div style='display:block' class='clever_form_note cr_font'>\"+data+\"<\/div>\n<\/p>\n<p>\");return false}},async:false})}}if($cr(this).find('.clever_form_error').length){return false}return true});$cr('input[class*=\"cr_number\"]').change(function(){if(isNaN($cr(this).val())){$cr(this).val(1)}if($cr(this).attr(\"min\")){if(($cr(this).val()*1)<($cr(this).attr(\"min\")*1)){$cr(this).val($cr(this).attr(\"min\"))}}if($cr(this).attr(\"max\")){if(($cr(this).val()*1)>($cr(this).attr(\"max\")*1)){$cr(this).val($cr(this).attr(\"max\"))}}});old_src=$cr(\"div[rel='captcha'] img:not(.captcha2_reload)\").attr(\"src\");if($cr(\"div[rel='captcha'] img:not(.captcha2_reload)\").length!=0){captcha_reload()}});function captcha_reload(){var timestamp=new Date().getTime();$cr(\"div[rel='captcha'] img:not(.captcha2_reload)\").attr(\"src\",\"\");$cr(\"div[rel='captcha'] img:not(.captcha2_reload)\").attr(\"src\",old_src+\"?t=\"+timestamp);return false}<\/p>\n<p>}\nif(typeof jQuery===\"undefined\"){loadjQuery(\"\/\/ajax.googleapis.com\/ajax\/libs\/jquery\/1.4.4\/jquery.min.js\",main)}else{main()}<\/p>\n<p><\/script><\/p>\n<style>\n.cr_site{margin:0;padding:75px 0 0 0;text-align:center;background-color:#eeeeee;}<br \/>.cr_font{font-size: 14px;font-family: Arial;}<br \/>.cr_body h2, .cr_header h2{font-size:22px;line-height:28px;margin:0 0 10px 0;}<br \/>.cr_body h1, .cr_header h2{font-size:28px;margin-bottom:15px;padding:0;margin-top:0;}<br \/>.wrapper, .cr_page{margin:0 auto 10px auto;text-align:left;border-radius:4px;}<br \/>.cr_header{text-align:center;background: transparent !Important;}<br \/>.cr_body label{float:none;clear:both;display:block;width:auto;margin-top:8px;text-align:left;font-weight:bold;position:relative;}<br \/>.cr_button{display:inline-block;font-family:'Helvetica', Arial, sans-serif;width:auto;white-space:nowrap;height:32px;margin:5px 5px 0 0;padding:0 22px;text-decoration:none;text-align:center;font-weight:bold;font-style:normal;font-size:15px;line-height:32px;cursor:pointer;border:0;-moz-border-radius:4px;border-radius:4px;-webkit-border-radius:4px;vertical-align:top;}<br \/>.cr_button{background-color:#333;color:#ffffff;}<br \/>.cr_button:hover,.cr_button-small:hover{opacity:0.7;filter:alpha(opacity=70);}<br \/>.powered{padding:20px 0;width:560px;margin:0 auto;}<br \/>.formbox{line-height:150%;font-family:Helvetica;font-size:12px;color:#333333;padding:20px;background-color:#ffffff;border-radius: 6px 6px 6px 6px;}<br \/>.cr_ipe_item label{line-height:150%;font-size:14px;}<br \/>.cr_ipe_item textarea {background: none repeat scroll 0 0 #eeeeee;border: 1px solid #aaa;font-family: Helvetica;font-size: 16px;}<br \/>.cr_ipe_item input {background: none repeat scroll 0 0 #eeeeee;border: 1px solid #aaa;padding: 5px;font-family: Helvetica;font-size: 16px;}<br \/>.cr_ipe_item select {background: none repeat scroll 0 0 #eeeeee;border: 1px solid #aaa;display: block;margin: 0;padding: 5px;width: 100%;font-family: Helvetica;font-size: 16px;}<br \/>.cr_ipe_item input.cr_ipe_radio, input.cr_ipe_checkbox {-moz-binding: none;-moz-box-sizing: border-box;background-color: -moz-field !important;border: 2px inset threedface !important;color: -moz-fieldtext !important;cursor: default;height: 13px;padding: 0 !important;width: 13px;}<br \/>.cr_ipe_item input.cr_ipe_radio{-moz-appearance: radio;border-radius: 100% 100% 100% 100% !important;margin: 3px 3px 0 5px;}<br \/>.submit_container{text-align:center}<br \/>.cr_ipe_item{ padding:1px 10px; margin:1px 10px; }<br \/>.cr_ipe_item.inactive {display:none;}<br \/>.imprint{font-size:0.8em;}<br \/>.cr_captcha{padding-left:130px;}<br \/>.cr_error{font-size:1.1em;padding:10px;}<br \/>.clever_form_error{background-color:#f99; color:#000; border:1px solid #f22 !important}<br \/>.clever_form_note {margin:26px 0 0 3px;position:absolute;display:inline; padding: 2px 4px; font-weight:bold;background-color:#f2ecb5; color:#000; font-size:12px !important;  }<br \/>.cr_site {background-color:#eee;}<br \/>.cr_header {color:#000000;}<br \/>.cr_body {background-color:#ffffff;font-size:12px;color:#000000;}<br \/>.cr_hr {background-color:#ccc;}<br \/>.cr_site a {color:#0084ff;}<br \/>.imprint{color:#000;}<\/p>\n<\/style>\n<style id=\"style\">\n.cr_site {background-color:#eee;}<br \/>.cr_header {color:#000000;}<br \/>.cr_body {background-color:#ffffff;font-size:12px;color:#000000;}<br \/>.cr_hr {background-color:#ccc;}<br \/>.cr_site a {color:#0084ff;}<br \/>.imprint {color:#000;}<br \/>.cr_page {width:640px;max-width:auto;}<\/p>\n<\/style>\n<form class=\"layout_form cr_form cr_font\" action=\"https:\/\/seu2.cleverreach.com\/f\/393666-390374\/wcs\/\" method=\"post\" target=\"_blank\">\n<div class=\"cr_body cr_page cr_font formbox\">\n<div class=\"non_sortable\" style=\"text-align: left;\"><\/div>\n<div class=\"editable_content\" style=\"text-align: left;\">\n<div id=\"8866022\" class=\"cr_ipe_item ui-sortable musthave\" style=\"margin-bottom: px;\">\n<p><label class=\"itemname\" for=\"text8866022\">E-Mail*<\/label> <input id=\"text8866022\" style=\"width: 100%;\" name=\"email\" type=\"text\" value=\"\" data-keeper-lock-id=\"k-kujkbls7pcr\" \/><\/p>\n<div><\/div>\n<div><\/div>\n<\/div>\n<div id=\"8866026\" class=\"cr_ipe_item ui-sortable musthave\">\n<p><script src=\"https:\/\/www.google.com\/recaptcha\/api.js\" async defer><\/script><\/p>\n<div id=\"recaptcha_v2_widget\" class=\"g-recaptcha\" data-theme=\"light\" data-size=\"normal\" data-sitekey=\"6Lfhcd0SAAAAAOBEHmAVEHJeRnrH8T7wPvvNzEPD\"><\/div>\n<p>&nbsp;<\/p>\n<\/div>\n<div id=\"8866024\" class=\"cr_ipe_item ui-sortable submit_container\" style=\"text-align: center; margin-bottom: 15px;\"><button class=\"cr_button\" type=\"submit\">nmz-Abendschau kostenlos abonnieren<\/button><\/div>\n<\/div>\n<p><noscript><a href=\"http:\/\/www.cleverreach.de\">www.CleverReach.de<\/a><\/noscript><\/p>\n<\/div>\n<\/form>\n<h3>Der nmz-newsletter (Dienstag und Freitag)<\/h3>\n<p>Wenn Sie regelm\u00e4\u00dfig per Mail \u00fcber Neuigkeiten aus dem nmz-netz informiert werden wollen, k\u00f6nnen Sie sich per Mail bei uns anmelden. Der Newsletter erscheint unterhalb der Woche montags und donnerstags.<\/p>\n<p><script>\nfunction loadjQuery(e,t){var n=document.createElement(\"script\");n.setAttribute(\"src\",e);n.onload=t;n.onreadystatechange=function(){if(this.readyState==\"complete\"||this.readyState==\"loaded\")t()};document.getElementsByTagName(\"head\")[0].appendChild(n)}function main(){\nvar $cr=jQuery.noConflict();var old_src;$cr(document).ready(function(){$cr(\".cr_form\").submit(function(){$cr(this).find('.clever_form_error').removeClass('clever_form_error');$cr(this).find('.clever_form_note').remove();$cr(this).find(\".musthave\").find('input, textarea').each(function(){if(jQuery.trim($cr(this).val())==\"\"||($cr(this).is(':checkbox'))||($cr(this).is(':radio'))){if($cr(this).is(':checkbox')||($cr(this).is(':radio'))){if(!$cr(this).parents(\".cr_ipe_item\").find(\":checked\").is(\":checked\")){$cr(this).parents(\".cr_ipe_item\").addClass('clever_form_error')}}else{$cr(this).addClass('clever_form_error')}}});if($cr(this).attr(\"action\").search(document.domain)>0&&$cr(\".cr_form\").attr(\"action\").search(\"wcs\")>0){var cr_email=$cr(this).find('input[name=email]');var unsub=false;if($cr(\"input['name=cr_subunsubscribe'][value='false']\").length){if($cr(\"input['name=cr_subunsubscribe'][value='false']\").is(\":checked\")){unsub=true}}if(cr_email.val()&&!unsub){$cr.ajax({type:\"GET\",url:$cr(\".cr_form\").attr(\"action\").replace(\"wcs\",\"check_email\")+window.btoa($cr(this).find('input[name=email]').val()),success:function(data){if(data){cr_email.addClass('clever_form_error').before(\"<\/p>\n<\/p>\n<div class='clever_form_note cr_font'>\"+data+\"<\/div>\n<\/p>\n<p>\");return false}},async:false})}var cr_captcha=$cr(this).find('input[name=captcha]');if(cr_captcha.val()){$cr.ajax({type:\"GET\",url:$cr(\".cr_form\").attr(\"action\").replace(\"wcs\",\"check_captcha\")+$cr(this).find('input[name=captcha]').val(),success:function(data){if(data){cr_captcha.addClass('clever_form_error').after(\"<\/p>\n<\/p>\n<div style='display:block' class='clever_form_note cr_font'>\"+data+\"<\/div>\n<\/p>\n<p>\");return false}},async:false})}}if($cr(this).find('.clever_form_error').length){return false}return true});$cr('input[class*=\"cr_number\"]').change(function(){if(isNaN($cr(this).val())){$cr(this).val(1)}if($cr(this).attr(\"min\")){if(($cr(this).val()*1)<($cr(this).attr(\"min\")*1)){$cr(this).val($cr(this).attr(\"min\"))}}if($cr(this).attr(\"max\")){if(($cr(this).val()*1)>($cr(this).attr(\"max\")*1)){$cr(this).val($cr(this).attr(\"max\"))}}});old_src=$cr(\"div[rel='captcha'] img:not(.captcha2_reload)\").attr(\"src\");if($cr(\"div[rel='captcha'] img:not(.captcha2_reload)\").length!=0){captcha_reload()}});function captcha_reload(){var timestamp=new Date().getTime();$cr(\"div[rel='captcha'] img:not(.captcha2_reload)\").attr(\"src\",\"\");$cr(\"div[rel='captcha'] img:not(.captcha2_reload)\").attr(\"src\",old_src+\"?t=\"+timestamp);return false}<\/p>\n<p>}\nif(typeof jQuery===\"undefined\"){loadjQuery(\"\/\/ajax.googleapis.com\/ajax\/libs\/jquery\/1.4.4\/jquery.min.js\",main)}else{main()}<\/p>\n<p><\/script><\/p>\n<style>\n* {box-sizing: border-box;}<br \/>.cr-mail-responsive, .cr-mail-responsive * {box-sizing: unset;}<br \/>.cr_site{margin:0;padding:75px 0 0 0;text-align:center;background-color:#eeeeee;}<br \/>.cr_font{font-size: 14px;font-family: Arial;}<br \/>.cr_page{width: 100% !important;max-width:640px}<br \/>.cr_body{box-shadow: 0px 0px 14px 0px rgba(51,51,51,0.4);border-radius:8px;line-height:150%;font-family:Helvetica;font-size:12px;color:#333333;}<br \/>.cr_body h2, .cr_header h2{font-size:22px;line-height:28px;margin:0 0 10px 0;}<br \/>.cr_body h1, .cr_header h2{font-size:28px;margin-bottom:15px;padding:0;margin-top:0;}<br \/>.wrapper, .cr_page{margin:0 auto 10px auto;text-align:left;}<br \/>.cr_header{text-align:center;background: transparent !Important;}<br \/>.cr_header img {max-width: 100%;}<br \/>.cr_body label, .cr_body .label{float:none;clear:both;display:inline-block;width:auto;margin-top:8px;text-align:left;font-weight:bold;position:relative;}<br \/>.cr_body .no-label{font-weight: normal;}<br \/>.cr_body #editable_content{padding:20px;}<br \/>.editable-content {padding:20px}<br \/>.cr_button{display:inline-block;font-family:'Helvetica', Arial, sans-serif;width:auto;white-space:nowrap;height:32px;margin:5px 0;padding:0 22px;text-decoration:none;text-align:center;font-weight:bold;font-style:normal;font-size:15px;line-height:32px;cursor:pointer;border:0;-moz-border-radius:4px;border-radius:4px;-webkit-border-radius:4px;vertical-align:top;}<br \/>.cr_button{background-color:#333;color:#ffffff;}<br \/>.cr_button:hover,.cr_button-small:hover{opacity:0.7;filter:alpha(opacity=70);}<br \/>.powered{padding:20px 0;width:560px;margin:0 auto;}<br \/>.cr_ipe_item label{line-height:150%;font-size:14px;}<br \/>.cr_ipe_item textarea{background: none repeat scroll 0 0 #ffffff;border-radius:3px;border: 1px solid #ccc;font-family: Helvetica;font-size: 16px;}<br \/>.cr_ipe_item input{background: none repeat scroll 0 0 #ffffff;border-radius:3px;border: 1px solid #ccc;padding: 12px;font-family: Helvetica;font-size: 16px;}<br \/>.cr_ipe_item select{background: none repeat scroll 0 0 #ffffff;border-radius:3px;border: 1px solid #ccc;padding: 12px !Important;display: block;margin: 0;padding: 5px;width: 100%;font-family: Helvetica;font-size: 16px;}<br \/>.cr_ipe_item input.cr_ipe_radio, input.cr_ipe_checkbox{-moz-binding: none;-moz-box-sizing: border-box;background-color: -moz-field !important;border: 2px inset ThreeDFace !important;color: -moz-fieldtext !important;cursor: default;height: 13px;padding: 0 !important;width: 13px;}<br \/>.cr_ipe_item input.cr_ipe_radio{-moz-appearance: radio;border-radius: 100% 100% 100% 100% !important;margin: 3px 3px 0 5px;}<br \/>.cr_ipe_item{margin: 0px 10px; padding: 0px 10px;}<br \/>.submit_container{text-align:center}<br \/>.cr_ipe_item.inactive{display:none;}<br \/>.imprint{font-size:0.8em;}<br \/>.cr_captcha{padding-left:130px;}<br \/>.cr_error{font-size:1.1em;padding:10px;}<br \/>.clever_form_error{background-color:#f99; color:#000; border:1px solid #f22 !important}<br \/>.clever_form_note {margin:26px 0 0 3px;position:absolute;display:inline; padding: 2px 4px; font-weight:bold;background-color:#f2ecb5; color:#000; font-size:12px !important;  }<br \/>.cr_form-flex{display: flex;}<br \/>.cr_form-flex>.cr_form-inputgroup{flex-grow:1;margin-right: 5px;}<br \/>.cr_form-flex>.cr_form-inputgroup:last-child{margin-right: 0px;}<br \/>.cr_form-flex input{width:100%;}<\/p>\n<p>.cr_site {background-color:#eee;}<br \/>.cr_header {color:#000000;}<br \/>.cr_body {background-color:#ffffff;font-size:12px;color:#000000;}<br \/>.cr_hr {background-color:#ccc;}<br \/>.cr_site a {color:#0084ff;}<br \/>.imprint{color:#000;}<\/p>\n<\/style>\n<style id=\"style\">\n.cr_site {background-color:#eee;}<br \/>.cr_header {color:#000000;}<br \/>.cr_body {background-color:#ffffff;font-size:12px;color:#000000;}<br \/>.cr_hr {background-color:#ccc;}<br \/>.cr_site a {color:#0084ff;}<br \/>.imprint {color:#000;}<br \/>.cr_page {width:auto;max-width:640px;}<\/p>\n<\/style>\n<form class=\"layout_form cr_form cr_font\" action=\"https:\/\/seu2.cleverreach.com\/f\/393666-392068\/wcs\/\" method=\"post\" target=\"_blank\">\n<div class=\"cr_body cr_page cr_font formbox\">\n<div class=\"non_sortable\" style=\"text-align: left;\"><\/div>\n<div class=\"editable_content\" style=\"text-align: left;\">\n<div id=\"8906601\" class=\"cr_form-component cr_form-component--email cr_ipe_item ui-sortable musthave\" style=\"margin-bottom: 15px;\">\n<div class=\"cr_form-inputgroup cr_form-inputgroup--typeemail\"><label for=\"text8906601\">E-Mail*<\/label><br \/>\n<input id=\"text8906601\" class=\"cr_form-input\" style=\"width: 100%;\" name=\"email\" type=\"email\" value=\"\" placeholder=\"name@example.com\" data-keeper-lock-id=\"k-50nsqvtlnhr\" \/><\/p>\n<div><\/div>\n<div><\/div>\n<\/div>\n<\/div>\n<div id=\"8906605\" class=\"cr_ipe_item ui-sortable musthave\">\n<p><script src=\"https:\/\/www.google.com\/recaptcha\/api.js\" async defer><\/script><\/p>\n<div id=\"recaptcha_v2_widget\" class=\"g-recaptcha\" data-theme=\"light\" data-size=\"normal\" data-sitekey=\"6Lfhcd0SAAAAAOBEHmAVEHJeRnrH8T7wPvvNzEPD\"><\/div>\n<p>&nbsp;<\/p>\n<\/div>\n<div id=\"8906603\" class=\"cr_form-component cr_form-component--submit cr_ipe_item ui-sortable submit_container\"><button class=\"cr_form-block cr_button\" type=\"submit\">Kostenlosen Newsletter abonnieren<\/button><\/div>\n<\/div>\n<p><noscript><a href=\"http:\/\/www.cleverreach.de\">www.CleverReach.de<\/a><\/noscript><\/p>\n<\/div>\n<\/form>\n<p>&nbsp;<\/p>\n<p>&nbsp;<\/p>\n<p>&nbsp;<\/p>\n<p>&nbsp;<\/p>\n","protected":false},"excerpt":{"rendered":"<p>Abonnieren Sie unsere kostenlosen nmz-Newsletter! &nbsp; Die nmz-Abendschau Abonnieren Sie unsere Abendschau. Die News der letzten 24 Stunden um 18 Uhr in Ihrem Postfach. E-Mail* &nbsp; nmz-Abendschau kostenlos abonnieren www.CleverReach.de <a href=\"https:\/\/service.conbrio.de\/service\/newsletter\/\" class=\"more-link\">[&hellip;]<\/a><\/p>\n","protected":false},"author":1,"featured_media":0,"parent":0,"menu_order":0,"comment_status":"closed","ping_status":"closed","template":"","meta":{"_uag_custom_page_level_css":"","episode_type":"","audio_file":"","podmotor_file_id":"","podmotor_episode_id":"","cover_image":"","cover_image_id":"","duration":"","filesize":"","filesize_raw":"","date_recorded":"","explicit":"","block":"","itunes_episode_number":"","itunes_title":"","itunes_season_number":"","itunes_episode_type":"","Layout":"","footnotes":""},"class_list":["entry","author-hufner","post-763","page","type-page","status-publish"],"uagb_featured_image_src":{"full":false,"thumbnail":false,"medium":false,"medium_large":false,"large":false,"1536x1536":false,"2048x2048":false,"post-thumbnail":false,"stargazer-full":false},"uagb_author_info":{"display_name":"nmz","author_link":"https:\/\/service.conbrio.de\/service\/author\/hufner\/"},"uagb_comment_info":0,"uagb_excerpt":"Abonnieren Sie unsere kostenlosen nmz-Newsletter! &nbsp; Die nmz-Abendschau Abonnieren Sie unsere Abendschau. Die News der letzten 24 Stunden um 18 Uhr in Ihrem Postfach. E-Mail* &nbsp; nmz-Abendschau kostenlos abonnieren www.CleverReach.de [&hellip;]","_links":{"self":[{"href":"https:\/\/service.conbrio.de\/service\/wp-json\/wp\/v2\/pages\/763","targetHints":{"allow":["GET"]}}],"collection":[{"href":"https:\/\/service.conbrio.de\/service\/wp-json\/wp\/v2\/pages"}],"about":[{"href":"https:\/\/service.conbrio.de\/service\/wp-json\/wp\/v2\/types\/page"}],"author":[{"embeddable":true,"href":"https:\/\/service.conbrio.de\/service\/wp-json\/wp\/v2\/users\/1"}],"replies":[{"embeddable":true,"href":"https:\/\/service.conbrio.de\/service\/wp-json\/wp\/v2\/comments?post=763"}],"version-history":[{"count":14,"href":"https:\/\/service.conbrio.de\/service\/wp-json\/wp\/v2\/pages\/763\/revisions"}],"predecessor-version":[{"id":5458,"href":"https:\/\/service.conbrio.de\/service\/wp-json\/wp\/v2\/pages\/763\/revisions\/5458"}],"wp:attachment":[{"href":"https:\/\/service.conbrio.de\/service\/wp-json\/wp\/v2\/media?parent=763"}],"curies":[{"name":"wp","href":"https:\/\/api.w.org\/{rel}","templated":true}]}}